{"id":421,"date":"2026-04-02T17:40:17","date_gmt":"2026-04-02T15:40:17","guid":{"rendered":"https:\/\/adam-coaching.com\/cookie-richtlinie\/"},"modified":"2026-04-23T13:21:46","modified_gmt":"2026-04-23T11:21:46","slug":"cookie-richtlinie","status":"publish","type":"page","link":"https:\/\/adam-coaching.com\/sv\/cookie-richtlinie\/","title":{"rendered":"Cookiepolicy"},"content":{"rendered":"<div class=\"et_pb_section_0 et_pb_section et_section_regular et_block_section\">\n<div class=\"et_pb_row_0 et_pb_row et_block_row\">\n<div class=\"et_pb_column_0 et_pb_column et_pb_column_4_4 et-last-child et_block_column et_pb_css_mix_blend_mode_passthrough\">\n<div class=\"et_pb_text_0 et_pb_text et_pb_bg_layout_light et_pb_module et_block_module\"><div class=\"et_pb_text_inner\"><p>Med denna cookiepolicy vill vi f\u00f6rklara vad cookies och cookie-liknande tekniker \u00e4r, hur vi och andra tj\u00e4nsteleverant\u00f6rer anv\u00e4nder dem p\u00e5 denna webbplats, vilken information de samlar in samt hur l\u00e4nge och f\u00f6r vilka \u00e4ndam\u00e5l vi anv\u00e4nder dem.<\/p><h2>Inneh\u00e5llsf\u00f6rteckning<\/h2><ul><li><a href=\"#controller-of-the-website\">Personuppgiftsansvarig f\u00f6r webbplatsen<\/a><\/li><li><a href=\"#diff-to-privacy-policy\">Till\u00e4gg till personuppgiftspolicyn<\/a><\/li><li><a href=\"#cookie-technology\">Vad \u00e4r cookies och liknande teknik?<\/a><\/li><li><a href=\"#legal-basis\">Vilken \u00e4r den r\u00e4ttsliga grunden f\u00f6r att placera\/l\u00e4sa cookies?<\/a><\/li><li><a href=\"#rights-of-visitor\">Vilka r\u00e4ttigheter har webbplatsbes\u00f6karen?<\/a><\/li><li><a href=\"#manage-cookies\">Hur hanterar man cookies i en webbl\u00e4sare?<\/a><\/li><li><a href=\"#types-of-cookies\">Vilka typer av cookies finns?<\/a><\/li><li><a href=\"#cookies-origin\">Vem kan placera cookies p\u00e5 den h\u00e4r webbplatsen?<\/a><\/li><li><a href=\"#list-of-services\">Vilka cookies anv\u00e4nds p\u00e5 den h\u00e4r webbplatsen?<\/a><\/li><\/ul><h2 id=\"controller-of-the-website\">Personuppgiftsansvarig f\u00f6r webbplatsen<\/h2><ul><li><strong>Leverant\u00f6r: <\/strong>Coaching von Dr. Karin Adam, Tyskland<\/li><li><strong>E-post: <\/strong><a target=\"_blank\" href=\"mailto:drkarin@adam-coaching.com\">drkarin@adam-coaching.com<\/a><\/li><li><strong>Telefon: <\/strong><a target=\"_blank\" href=\"tel:01711471923\">01711471923<\/a><\/li><\/ul><h2 id=\"diff-to-privacy-policy\">Till\u00e4gg till personuppgiftspolicyn<\/h2><p>Denna cookiepolicy \u00e4r ett komplement till den h\u00e4r webbplatsens <a href=\"https:\/\/adam-coaching.com\/sv\/datenschutz\/\" target=\"_blank\">personuppgiftspolicy<\/a>. Cookiepolicyn anger hur en webbplats till\u00e4mpar cookies och vilka uppgifter den samlar in genom dem, medan personuppgiftspolicyn \u00e4r en mer omfattande \u00f6versikt \u00f6ver alla aktiviteter r\u00f6rande behandling av personuppgifter p\u00e5 webbplatsen och d\u00e4refter.<\/p><h2 id=\"cookie-technology\">Vad \u00e4r cookies och liknande teknik?<\/h2><p>Cookies \u00e4r sm\u00e5 informationsbitar som liknar textfiler och som kan lagras och l\u00e4sas p\u00e5 slutenheten. De anv\u00e4nds f\u00f6r olika \u00e4ndam\u00e5l, bland annat f\u00f6r att uppr\u00e4tth\u00e5lla webbplatsens grundl\u00e4ggande funktioner, s\u00e4kerhet och integritet, tillhandah\u00e5lla valfria funktioner p\u00e5 webbplatsen, samla in statistiska uppgifter om bes\u00f6karfl\u00f6den och tillhandah\u00e5lla marknadsf\u00f6ringssystem. Praktiska exempel p\u00e5 vad som kan lagras i cookies \u00e4r lagring av inloggningsstatus f\u00f6r anv\u00e4ndarkonton, inneh\u00e5llet i varukorgar p\u00e5 e-handelsplattformar eller ett anv\u00e4ndar-ID f\u00f6r att sp\u00e5ra beteende p\u00e5 webbplatsen.<br \/><br \/>Informationen kan tekniskt sett lagras p\u00e5 olika s\u00e4tt. De mest k\u00e4nda exemplen p\u00e5 detta \u00e4r HTTP-cookies och cookie-liknande tekniker som till\u00e4mpar lokal lagring, sessionslagring eller IndexedDB. Varje typ av lagring har olika egenskaper som avg\u00f6r den tekniska hanteringen, tillg\u00e4ngligheten och vilka styrenheter som har beh\u00f6righet att komma \u00e5t informationen. Alla dessa typer av lagring sammanfattas vanligtvis under termen \"cookies\" och kallas d\u00e4rf\u00f6r s\u00e5 i denna cookiepolicy.<\/p><h2 id=\"legal-basis\">Vilken \u00e4r den r\u00e4ttsliga grunden f\u00f6r att placera\/l\u00e4sa cookies?<\/h2><p>Placeringen och l\u00e4sningen av cookies i Europeiska Unionen (EU) och Europeiska Ekonomiska Samarbetsomr\u00e5det (EES) \u00e4r i enlighet med 9 kap. 28 \u00a7 Lagen om elektronisk kommunikation (LEK) endast till\u00e5tet om en anv\u00e4ndare har gett sitt samtycke p\u00e5 grundval av omfattande information om \u00e4ndam\u00e5len med behandlingen. Webbplatsoperat\u00f6ren kan ocks\u00e5 placera cookies om de \u00e4r absolut n\u00f6dv\u00e4ndiga f\u00f6r att ge dig som anv\u00e4ndare den uttryckligen beg\u00e4rda tj\u00e4nsten, t.ex. det grundl\u00e4ggande inneh\u00e5llet p\u00e5 denna webbplats eller andra absolut n\u00f6dv\u00e4ndiga cookies f\u00f6r den grundl\u00e4ggande funktionaliteten f\u00f6r webbplatsen som ska kunna visas f\u00f6r dig utan ditt samtycke.<\/p><h2 id=\"rights-of-visitor\">Vilka r\u00e4ttigheter har webbplatsbes\u00f6karen?<\/h2><p>Services and their cookies can be set and read on the legal basis of your consent or a legitimate interest. When you first visited this website, you were asked for your consent and you had the opportunity to object to the use of certain services. We explained which legal basis is used for which service in our consent dialog.<br \/><br \/>You have the right to view the history of your decisions, change your privacy settings, object to the use of services and revoke your consent at any time. Below you find possibilities to exercise your rights:<br \/><ul><li><a  href=\"#consent-change\" role=\"button\" id=\"rcb-sc-link-change\" data-success-message=\"\" class=\"rcb-sc-link rcb-sc-link-change\">\u00c4ndra integritetsinst\u00e4llningar<\/a><\/li><li><a  href=\"#consent-history\" role=\"button\" id=\"rcb-sc-link-history\" data-success-message=\"\" class=\"rcb-sc-link rcb-sc-link-history\">Historik f\u00f6r integritetsinst\u00e4llningar<\/a><\/li><li><a  href=\"#consent-revoke\" role=\"button\" id=\"rcb-sc-link-revoke\" data-success-message=\"Du har \u00e5terkallat ditt samtycke f\u00f6r tj\u00e4nster med dess cookies och personuppgiftsbehandling. Sidan kommer nu att laddas om!\" class=\"rcb-sc-link rcb-sc-link-revoke\">\u00c5terkalla samtycken<\/a><\/li><\/ul><\/p><h2 id=\"manage-cookies\">Hur hanterar man cookies i en webbl\u00e4sare?<\/h2><p><ul><li><strong>How to remove cookies in a browser:<\/strong> To remove cookies from your device, you can clear the browsing data in the settings of your browser. This action will remove all cookies from all websites you've visited, potentially including saved login details and site preferences. In some browsers, you can just delete the cookies and similar data without deleting the whole browsing history.<\/li><li><strong>How to control cookies in a browser:<\/strong> For more granular control over cookies specific to certain websites, navigate to the privacy and cookie settings within your used browser. Here, you can adjust preferences related to individual sites' cookie usage.<\/li><li><strong>How to block cookies in a browser:<\/strong> It's possible to configure most modern browsers in their settings to block all cookies from being placed on your device. But blocking cookies could lead to certain services and functionalities not functioning correctly, e.g. logins as a user. You can also use extensions for many browsers which can block the setting of cookies on websites.<\/li><li><strong>How to manage cookies on this website:<\/strong> To tailor your preferences regarding cookies on this website, you can change your preferences at any time by clicking on the link in the section \"Rights of the website visitor\".<\/li><\/li><\/ul><p>You can find more information on the handling of cookies <a href=\"https:\/\/devowl.io\/de\/rcb\/cookie-handhabung\/\" target=\"_blank\">devowl.io\/rcb\/cookie-handling\/<\/a>.<\/p><\/p><h2 id=\"types-of-cookies\">Vilka typer av cookies finns?<\/h2><p><ul><li><strong>Essential cookies<\/strong> are indispensable for the basic functionality of a website and enable functions such as saving login information or access to secure areas of the site. These include, for example, security cookies, which can identify a bot that is not wanted on the website by storing an authentication key in a cookie.<\/li><li><strong>Functional cookies<\/strong> improve the user experience by storing information and preferences such as language settings or appearance settings of the website to provide personalized. This includes, for example, preference cookies that store the user's preferred video quality on a website.<\/li><li><strong>Statistics cookies<\/strong> collect data about the use of a website to gain insights into user behavior and optimize the performance of the site. This includes, for example, a randomly assigned user ID that makes it possible to attribute whether you have visited a subpage of the website.<\/li><li><strong>Marketing cookies<\/strong> are used to track user behavior across different websites and to display personalized advertising based on the interests and surfing behavior of users. This includes, for example, advertising cookies that store an interaction with an advertisement on the website and pass it on to advertisers or a chat system for pre-sale questions and customer support.<\/li><\/li><\/ul><\/p><h2 id=\"cookies-origin\">Vem kan placera cookies p\u00e5 den h\u00e4r webbplatsen?<\/h2><p>P\u00e5 denna webbplats kan b\u00e5de webbplatsens operat\u00f6r och tj\u00e4nster fr\u00e5n tredje part som anv\u00e4nds p\u00e5 denna webbplats placera cookies och f\u00e5 tillg\u00e5ng till deras inneh\u00e5ll. Vem som har tillg\u00e5ng till vilka cookies och deras inneh\u00e5ll skiljer sig mellan f\u00f6rstaparts- och tredjepartscookies. F\u00f6rstapartscookies skapas av den bes\u00f6kta webbplats och kan endast l\u00e4sas av webbplatsoperat\u00f6ren och integrerade tredjepartstj\u00e4nster p\u00e5 denna webbplats. Tredjepartscookies placeras vanligtvis av tredjepartstj\u00e4nster p\u00e5 andra dom\u00e4ner, kan l\u00e4sas p\u00e5 alla webbplatser d\u00e4r tj\u00e4nsten som styr dom\u00e4nen \u00e4r inb\u00e4ddad och anv\u00e4nds till exempel av annonsn\u00e4tverk f\u00f6r att sp\u00e5ra anv\u00e4ndarbeteende p\u00e5 olika webbplatser och erbjuda personlig annonsering.<\/p><h2 id=\"list-of-services\">Vilka cookies anv\u00e4nds p\u00e5 den h\u00e4r webbplatsen?<\/h2><script type=\"application\/json\">{\"search\":{\"placeholder\":\"S\\u00f6k...\"},\"sort\":{\"sortAsc\":\"Sortera kolumnen stigande\",\"sortDesc\":\"Sortera kolumnen fallande\"},\"pagination\":{\"previous\":\"F\\u00f6reg\\u00e5ende\",\"next\":\"N\\u00e4sta\",\"navigate\":\"Sida %1$d av %2$d\",\"page\":\"Sidan %d\",\"showing\":\"Visar\",\"of\":\"av\",\"to\":\"till\",\"results\":\"resultat\"},\"noRecordsFound\":\"Inga matchande poster hittades\"}<\/script><table  class=\"devowl-wp-react-cookie-banner-cookie-policy\"><thead><tr><th width=\"200px\" scope=\"col\">Kategori<\/th><th width=\"400px\" scope=\"col\">Namn p\u00e5 teknisk cookie<\/th><th width=\"400px\" scope=\"col\">V\u00e4rd f\u00f6r teknisk cookie<\/th><th width=\"400px\" scope=\"col\">Tj\u00e4nst<\/th><th width=\"250px\" scope=\"col\">Varaktighet<\/th><th width=\"200px\" scope=\"col\">Typ<\/th><th width=\"550px\" scope=\"col\">Syfte<\/th><\/tr><\/thead><tbody><tr><td>Grundl\u00e4ggande<\/td><td>trp_language<\/td><td>adam-coaching.com<\/td><td>TranslatePress<\/td><td>30 dagar<\/td><td>HTTP Cookie<\/td><td>-<\/td><\/tr><tr><td>Grundl\u00e4ggande<\/td><td>real_cookie_banner*<\/td><td>.adam-coaching.com<\/td><td>Real Cookie Banner<\/td><td>365 dagar<\/td><td>HTTP Cookie<\/td><td>Eindeutiger Identifikator f\u00fcr die Einwilligung, aber nicht f\u00fcr den Website-Besucher. Revisionshash f\u00fcr die Einstellungen des Cookie-Banners (Texte, Farben, Funktionen, Servicegruppen, Dienste, Content Blocker usw.). IDs f\u00fcr eingewilligte Services und Service-Gruppen.<\/td><\/tr><tr><td>Grundl\u00e4ggande<\/td><td>real_cookie_banner*-tcf<\/td><td>.adam-coaching.com<\/td><td>Real Cookie Banner<\/td><td>365 dagar<\/td><td>HTTP Cookie<\/td><td>Im Rahmen von TCF gesammelte Einwilligungen, die im TC-String-Format gespeichert werden, einschlie\u00dflich TCF-Vendoren, -Zwecke, -Sonderzwecke, -Funktionen und -Sonderfunktionen.<\/td><\/tr><tr><td>Grundl\u00e4ggande<\/td><td>real_cookie_banner*-gcm<\/td><td>.adam-coaching.com<\/td><td>Real Cookie Banner<\/td><td>365 dagar<\/td><td>HTTP Cookie<\/td><td>Die im Google Consent Mode gesammelten Einwilligungen in die verschiedenen Einwilligungstypen (Zwecke) werden f\u00fcr alle mit dem Google Consent Mode kompatiblen Services gespeichert.<\/td><\/tr><tr><td>Grundl\u00e4ggande<\/td><td>real_cookie_banner-test<\/td><td>.adam-coaching.com<\/td><td>Real Cookie Banner<\/td><td>365 dagar<\/td><td>HTTP Cookie<\/td><td>Cookie, der gesetzt wurde, um die Funktionalit\u00e4t von HTTP-Cookies zu testen. Wird sofort nach dem Test gel\u00f6scht.<\/td><\/tr><tr><td>Grundl\u00e4ggande<\/td><td>real_cookie_banner*<\/td><td>https:\/\/adam-coaching.com<\/td><td>Real Cookie Banner<\/td><td>-<\/td><td>Local Storage<\/td><td>Eindeutiger Identifikator f\u00fcr die Einwilligung, aber nicht f\u00fcr den Website-Besucher. Revisionshash f\u00fcr die Einstellungen des Cookie-Banners (Texte, Farben, Funktionen, Service-Gruppen, Services, Content Blocker usw.). IDs f\u00fcr eingewilligte Services und Service-Gruppen. Wird nur solange gespeichert, bis die Einwilligung auf dem Website-Server dokumentiert ist.<\/td><\/tr><tr><td>Grundl\u00e4ggande<\/td><td>real_cookie_banner*-tcf<\/td><td>https:\/\/adam-coaching.com<\/td><td>Real Cookie Banner<\/td><td>-<\/td><td>Local Storage<\/td><td>Im Rahmen von TCF gesammelte Einwilligungen werden im TC-String-Format gespeichert, einschlie\u00dflich TCF Vendoren, Zwecke, besondere Zwecke, Funktionen und besondere Funktionen. Wird nur solange gespeichert, bis die Einwilligung auf dem Website-Server dokumentiert ist.<\/td><\/tr><tr><td>Grundl\u00e4ggande<\/td><td>real_cookie_banner*-gcm<\/td><td>https:\/\/adam-coaching.com<\/td><td>Real Cookie Banner<\/td><td>-<\/td><td>Local Storage<\/td><td>Im Rahmen des Google Consent Mode erfasste Einwilligungen werden f\u00fcr alle mit dem Google Consent Mode kompatiblen Services in Einwilligungstypen (Zwecke) gespeichert. Wird nur solange gespeichert, bis die Einwilligung auf dem Website-Server dokumentiert ist.<\/td><\/tr><tr><td>Grundl\u00e4ggande<\/td><td>real_cookie_banner-consent-queue*<\/td><td>https:\/\/adam-coaching.com<\/td><td>Real Cookie Banner<\/td><td>-<\/td><td>Local Storage<\/td><td>Lokale Zwischenspeicherung (Caching) der Auswahl im Cookie-Banner, bis der Server die Einwilligung dokumentiert; Dokumentation periodisch oder bei Seitenwechseln versucht, wenn der Server nicht verf\u00fcgbar oder \u00fcberlastet ist.<\/td><\/tr><tr><td>Statistiska<\/td><td>_ga<\/td><td>.adam-coaching.com<\/td><td>Google Analytics<\/td><td>24 m\u00e5nader<\/td><td>HTTP Cookie<\/td><td>Benutzer-ID zur Analyse des allgemeinen Benutzerverhaltens auf verschiedenen Websites<\/td><\/tr><tr><td>Statistiska<\/td><td>_ga_*<\/td><td>.adam-coaching.com<\/td><td>Google Analytics<\/td><td>24 m\u00e5nader<\/td><td>HTTP Cookie<\/td><td>Benutzer-ID zur Analyse des Benutzerverhaltens auf dieser Website f\u00fcr Berichte \u00fcber die Nutzung der Website<\/td><\/tr><\/tbody><\/table><p>Cookiepolicyn uppdaterades senast den 28. april 2026.<\/p>\n\n<\/div><\/div>\n<\/div>\n<\/div>\n<\/div>","protected":false},"excerpt":{"rendered":"","protected":false},"author":1,"featured_media":0,"parent":0,"menu_order":0,"comment_status":"closed","ping_status":"closed","template":"","meta":{"footnotes":""},"class_list":["post-421","page","type-page","status-publish","hentry"],"yoast_head":"<!-- This site is optimized with the Yoast SEO plugin v27.4 - https:\/\/yoast.com\/product\/yoast-seo-wordpress\/ -->\n<title>Cookie-Richtlinie - Coaching von Dr. Karin Adam<\/title>\n<meta name=\"robots\" content=\"noindex, follow\" \/>\n<meta property=\"og:locale\" content=\"sv_SE\" \/>\n<meta property=\"og:type\" content=\"article\" \/>\n<meta property=\"og:title\" content=\"Cookie-Richtlinie - Coaching von Dr. Karin Adam\" \/>\n<meta property=\"og:url\" content=\"https:\/\/adam-coaching.com\/sv\/cookie-richtlinie\/\" \/>\n<meta property=\"og:site_name\" content=\"Coaching von Dr. Karin Adam\" \/>\n<meta property=\"article:modified_time\" content=\"2026-04-23T11:21:46+00:00\" \/>\n<meta property=\"og:image\" content=\"https:\/\/adam-coaching.com\/wp-content\/uploads\/2026\/03\/cropped-favicon-karin-adam-coaching.jpg\" \/>\n\t<meta property=\"og:image:width\" content=\"512\" \/>\n\t<meta property=\"og:image:height\" content=\"512\" \/>\n\t<meta property=\"og:image:type\" content=\"image\/jpeg\" \/>\n<meta name=\"twitter:card\" content=\"summary_large_image\" \/>\n<script type=\"application\/ld+json\" class=\"yoast-schema-graph\">{\"@context\":\"https:\\\/\\\/schema.org\",\"@graph\":[{\"@type\":\"WebPage\",\"@id\":\"https:\\\/\\\/adam-coaching.com\\\/cookie-richtlinie\\\/\",\"url\":\"https:\\\/\\\/adam-coaching.com\\\/cookie-richtlinie\\\/\",\"name\":\"Cookie-Richtlinie - Coaching von Dr. Karin Adam\",\"isPartOf\":{\"@id\":\"https:\\\/\\\/adam-coaching.com\\\/#website\"},\"datePublished\":\"2026-04-02T15:40:17+00:00\",\"dateModified\":\"2026-04-23T11:21:46+00:00\",\"breadcrumb\":{\"@id\":\"https:\\\/\\\/adam-coaching.com\\\/cookie-richtlinie\\\/#breadcrumb\"},\"inLanguage\":\"sv-SE\",\"potentialAction\":[{\"@type\":\"ReadAction\",\"target\":[\"https:\\\/\\\/adam-coaching.com\\\/cookie-richtlinie\\\/\"]}]},{\"@type\":\"BreadcrumbList\",\"@id\":\"https:\\\/\\\/adam-coaching.com\\\/cookie-richtlinie\\\/#breadcrumb\",\"itemListElement\":[{\"@type\":\"ListItem\",\"position\":1,\"name\":\"Start\",\"item\":\"https:\\\/\\\/adam-coaching.com\\\/\"},{\"@type\":\"ListItem\",\"position\":2,\"name\":\"Cookie-Richtlinie\"}]},{\"@type\":\"WebSite\",\"@id\":\"https:\\\/\\\/adam-coaching.com\\\/#website\",\"url\":\"https:\\\/\\\/adam-coaching.com\\\/\",\"name\":\"Coaching von Dr. Karin Adam\",\"description\":\"COACHING f\u00fcr Menschen in Verantwortung.\",\"potentialAction\":[{\"@type\":\"SearchAction\",\"target\":{\"@type\":\"EntryPoint\",\"urlTemplate\":\"https:\\\/\\\/adam-coaching.com\\\/?s={search_term_string}\"},\"query-input\":{\"@type\":\"PropertyValueSpecification\",\"valueRequired\":true,\"valueName\":\"search_term_string\"}}],\"inLanguage\":\"sv-SE\"}]}<\/script>\n<!-- \/ Yoast SEO plugin. -->","yoast_head_json":{"title":"Cookie-Richtlinie - Coaching von Dr. Karin Adam","robots":{"index":"noindex","follow":"follow"},"og_locale":"sv_SE","og_type":"article","og_title":"Cookie-Richtlinie - Coaching von Dr. Karin Adam","og_url":"https:\/\/adam-coaching.com\/sv\/cookie-richtlinie\/","og_site_name":"Coaching von Dr. Karin Adam","article_modified_time":"2026-04-23T11:21:46+00:00","og_image":[{"width":512,"height":512,"url":"https:\/\/adam-coaching.com\/wp-content\/uploads\/2026\/03\/cropped-favicon-karin-adam-coaching.jpg","type":"image\/jpeg"}],"twitter_card":"summary_large_image","schema":{"@context":"https:\/\/schema.org","@graph":[{"@type":"WebPage","@id":"https:\/\/adam-coaching.com\/cookie-richtlinie\/","url":"https:\/\/adam-coaching.com\/cookie-richtlinie\/","name":"Cookie-Richtlinie - Coaching von Dr. Karin Adam","isPartOf":{"@id":"https:\/\/adam-coaching.com\/#website"},"datePublished":"2026-04-02T15:40:17+00:00","dateModified":"2026-04-23T11:21:46+00:00","breadcrumb":{"@id":"https:\/\/adam-coaching.com\/cookie-richtlinie\/#breadcrumb"},"inLanguage":"sv-SE","potentialAction":[{"@type":"ReadAction","target":["https:\/\/adam-coaching.com\/cookie-richtlinie\/"]}]},{"@type":"BreadcrumbList","@id":"https:\/\/adam-coaching.com\/cookie-richtlinie\/#breadcrumb","itemListElement":[{"@type":"ListItem","position":1,"name":"Start","item":"https:\/\/adam-coaching.com\/"},{"@type":"ListItem","position":2,"name":"Cookie-Richtlinie"}]},{"@type":"WebSite","@id":"https:\/\/adam-coaching.com\/#website","url":"https:\/\/adam-coaching.com\/","name":"Coaching von Dr. Karin Adam","description":"COACHING f\u00fcr Menschen in Verantwortung.","potentialAction":[{"@type":"SearchAction","target":{"@type":"EntryPoint","urlTemplate":"https:\/\/adam-coaching.com\/?s={search_term_string}"},"query-input":{"@type":"PropertyValueSpecification","valueRequired":true,"valueName":"search_term_string"}}],"inLanguage":"sv-SE"}]}},"_links":{"self":[{"href":"https:\/\/adam-coaching.com\/sv\/wp-json\/wp\/v2\/pages\/421","targetHints":{"allow":["GET"]}}],"collection":[{"href":"https:\/\/adam-coaching.com\/sv\/wp-json\/wp\/v2\/pages"}],"about":[{"href":"https:\/\/adam-coaching.com\/sv\/wp-json\/wp\/v2\/types\/page"}],"author":[{"embeddable":true,"href":"https:\/\/adam-coaching.com\/sv\/wp-json\/wp\/v2\/users\/1"}],"replies":[{"embeddable":true,"href":"https:\/\/adam-coaching.com\/sv\/wp-json\/wp\/v2\/comments?post=421"}],"version-history":[{"count":2,"href":"https:\/\/adam-coaching.com\/sv\/wp-json\/wp\/v2\/pages\/421\/revisions"}],"predecessor-version":[{"id":425,"href":"https:\/\/adam-coaching.com\/sv\/wp-json\/wp\/v2\/pages\/421\/revisions\/425"}],"wp:attachment":[{"href":"https:\/\/adam-coaching.com\/sv\/wp-json\/wp\/v2\/media?parent=421"}],"curies":[{"name":"wp","href":"https:\/\/api.w.org\/{rel}","templated":true}]}}